{"id":4252,"date":"2025-04-24T11:59:03","date_gmt":"2025-04-24T11:59:03","guid":{"rendered":"https:\/\/egeavaleraabogados.es\/?page_id=4252"},"modified":"2025-05-19T10:46:34","modified_gmt":"2025-05-19T10:46:34","slug":"aviso-legal","status":"publish","type":"page","link":"https:\/\/egeavaleraabogados.es\/en\/aviso-legal\/","title":{"rendered":"Legal notice"},"content":{"rendered":"<p><strong>AVISO LEGAL<\/strong><\/p>\n\n\n\n<p>Lea todos los apartados del presente Aviso Legal antes de utilizar este sitio web. Las siguientes condiciones son vinculantes para cualquier usuario de este. La raz\u00f3n de este texto es explicarle de manera detallada las funcionalidades de esta web y aportarle aquella informaci\u00f3n relacionada con el titular de la web y la finalidad de los contenidos incluidos en ella.<\/p>\n\n\n\n<p>En cumplimiento con el deber de informaci\u00f3n dispuesto en la Ley 34\/2002 de Servicios de la Sociedad de la Informaci\u00f3n y el Comercio Electr\u00f3nico (LSSI-CE) de 11 de julio, se facilitan a continuaci\u00f3n los siguientes datos de informaci\u00f3n general de este sitio web.<\/p>\n\n\n\n<p><strong>\u00bfQUI\u00c9NES SOMOS?<\/strong><\/p>\n\n\n\n<p><strong>Titular:<\/strong> Carmelo Jes\u00fas Egea S\u00e1nchez (en adelante Egea-Valera Abogados)<\/p>\n\n\n\n<p><strong>N\u00famero de Colegiado:<\/strong> Ilustre Colegio de Abogados de Cartagena N\u00ba 1629<\/p>\n\n\n\n<p><strong>Tel\u00e9fono:<\/strong> +34 640 67 56 90<\/p>\n\n\n\n<p><strong>Correo:<\/strong> egeavaleraabogados@gmail.com<\/p>\n\n\n\n<p>Egea-Valera Abogados pretende a trav\u00e9s de su sitio web dar a conocer su actividad y ofrecer la posibilidad de ponerse en contacto, realizar consultas, as\u00ed como informarnos sobre sus reclamaciones y quejas. A trav\u00e9s de la P\u00e1gina,&nbsp;facilitamos a los usuarios el acceso y la utilizaci\u00f3n de diversos contenidos publicados por Egea-Valera Abogados o por terceros autorizados.<\/p>\n\n\n\n<p>El presente documento tiene por objeto establecer los t\u00e9rminos y condiciones generales de uso del sitio web. Los t\u00e9rminos y condiciones generales son de obligada aceptaci\u00f3n y cumplimiento por parte de todos los usuarios que deseen hacer uso de este.<\/p>\n\n\n\n<p><strong>USO DEL SITIO WEB Y OBLIGACIONES DE LOS USUARIOS.<\/strong><\/p>\n\n\n\n<p>El usuario se compromete a utilizar el sitio web, el contenido y servicios, sin contravenir la legislaci\u00f3n vigente, los usos generalmente aceptados y el orden p\u00fablico. Queda prohibido el uso del sitio web con fines il\u00edcitos o lesivos contra Egea-Valera Abogados o un tercero, que, de cualquier forma, puedan causar perjuicio o impedir el normal uso del sitio web.<\/p>\n\n\n\n<p>Las presentes Condiciones Generales de Uso del sitio web no confieren al usuario ning\u00fan otro derecho de uso, alteraci\u00f3n, explotaci\u00f3n, reproducci\u00f3n, distribuci\u00f3n o comunicaci\u00f3n p\u00fablica de los contenidos del sitio web distintos de los aqu\u00ed expresamente previstos.<\/p>\n\n\n\n<p>Los contenidos (informaci\u00f3n, archivos de sonido y\/o imagen, fotograf\u00edas, dise\u00f1os, etc.) recogidos en el portal, son propiedad de Egea-Valera Abogados o la misma se encuentra debidamente autorizada para su difusi\u00f3n por sus leg\u00edtimos titulares.<\/p>\n\n\n\n<p>Egea-Valera Abogados se compromete a no realizar publicidad enga\u00f1osa y por tanto, queda prohibido:<\/p>\n\n\n\n<ul class=\"wp-block-list\">\n<li>El uso para todo tipo de fines comerciales o publicitarios, distintos de los estrictamente permitidos.<\/li>\n\n\n\n<li>Su reproducci\u00f3n, publicaci\u00f3n, distribuci\u00f3n o modificaci\u00f3n, total o parcial a menos que se cuente con la autorizaci\u00f3n previa y por escrito de sus leg\u00edtimos titulares o resulte legalmente permitido.<\/li>\n\n\n\n<li>Cualquier vulneraci\u00f3n de los derechos de Egea-Valera Abogados o de sus leg\u00edtimos titulares sobre los mismos.<\/li>\n<\/ul>\n\n\n\n<p><strong>PROPIEDAD INTELECTUAL E INDUSTRIAL<\/strong><\/p>\n\n\n\n<p>El usuario reconoce y acepta que todos los derechos de propiedad industrial e intelectual sobre los contenidos y\/o cualesquiera otros elementos insertados en el sitio web pertenecen a Egea-Valera Abogados o la misma se encuentra debidamente autorizada para su difusi\u00f3n en el presente sitio web.<\/p>\n\n\n\n<p>En el caso de que un usuario o un tercero consideren que se ha producido una violaci\u00f3n de sus leg\u00edtimos derechos de propiedad intelectual por la introducci\u00f3n de un determinado contenido en el sitio web, deber\u00e1 notificar dicha circunstancia a Egea-Valera Abogados indicando:<\/p>\n\n\n\n<ul class=\"wp-block-list\">\n<li>Datos del interesado titular de los derechos presuntamente infringidos, o indicar la representaci\u00f3n con la que act\u00faa en caso de que la reclamaci\u00f3n la presente un tercero distinto del interesado.<\/li>\n\n\n\n<li>Se\u00f1alar los contenidos protegidos por los derechos de propiedad intelectual y su ubicaci\u00f3n en el sitio web, la acreditaci\u00f3n de los derechos de propiedad intelectual se\u00f1alados y declaraci\u00f3n expresa en la que el interesado se responsabiliza de la veracidad de las informaciones facilitadas en la notificaci\u00f3n.<\/li>\n<\/ul>\n\n\n\n<p><strong>ENLACES<\/strong><\/p>\n\n\n\n<p>El presente sitio web proporciona enlaces a otros sitios web propios y contenidos que son propiedad de terceros.<\/p>\n\n\n\n<p>El \u00fanico objeto de los enlaces es proporcionar al usuario la posibilidad de acceder a dichos enlaces. Egea Valera Abogados no se responsabiliza en ning\u00fan caso de los resultados que puedan derivarse al usuario por el acceso a dichos enlaces.<\/p>\n\n\n\n<p>El usuario que se proponga establecer cualquier dispositivo t\u00e9cnico de enlace desde su sitio web al portal no ser\u00e1 necesaria autorizaci\u00f3n previa cuando el enlace permita \u00fanicamente el acceso a la p\u00e1gina de destino, pero no podr\u00e1 reproducirla de ninguna forma. Cualquier otra forma de enlace requerir\u00e1 la autorizaci\u00f3n expresa e inequ\u00edvoca por escrito por parte de&nbsp;Egea-Valera Abogados.<\/p>\n\n\n\n<p>No se crear\u00e1n \u201cmarcos\u201d (\u201cframes\u201d) con las p\u00e1ginas Web ni sobre las p\u00e1ginas Web de&nbsp;Egea-Valera Abogados. &nbsp;<\/p>\n\n\n\n<p>No se realizar\u00e1n manifestaciones o indicaciones falsas, inexactas, u ofensivas sobre&nbsp;Egea-Valera Abogados, sus directivos, sus empleados o colaboradores, o de las personas que se relacionen en la P\u00e1gina por cualquier motivo, o de los Usuarios de las P\u00e1gina, o de los Contenidos suministrados.<\/p>\n\n\n\n<p>No se declarar\u00e1 ni se dar\u00e1 a entender que&nbsp;Egea-Valera Abogados, ha autorizado el Hiperenlace o que ha supervisado o asumido de cualquier forma los Contenidos ofrecidos o puestos a disposici\u00f3n de la p\u00e1gina Web en la que se establece el Hiperenlace.<\/p>\n\n\n\n<p>La p\u00e1gina Web en la que se establezca el Hiperenlace solo podr\u00e1 contener lo estrictamente necesario para identificar el destino del Hiperenlace.<\/p>\n\n\n\n<p>&nbsp;La p\u00e1gina Web en la que se establezca el Hiperenlace no contendr\u00e1 informaciones o contenidos il\u00edcitos, contrarios a la moral y a las buenas costumbres generalmente aceptadas y al orden p\u00fablico, as\u00ed como tampoco contendr\u00e1 contenidos contrarios a cualesquiera derechos de terceros.<\/p>\n\n\n\n<p>&nbsp;En el supuesto de que el Usuario considere que existe un Sitio Enlazado que remiten a p\u00e1ginas cuyos contenidos son il\u00edcitos, nocivos, denigrantes o violentos se obliga a comunicarlo a&nbsp;Egea-Valera Abogados&nbsp;por escrito o bien a trav\u00e9s de la direcci\u00f3n de correo electr\u00f3nico: <a href=\"mailto:egeavaleraabogados@gmail.com\">egeavaleraabogados@gmail.com<\/a>. El establecimiento del enlace no implica en ning\u00fan caso la existencia de relaciones entre&nbsp;Egea-Valera Abogados y el propietario de la p\u00e1gina Web en la que se establezca, ni la aceptaci\u00f3n y aprobaci\u00f3n por parte de&nbsp;Egea-Valera Abogados de sus contenidos.<\/p>\n\n\n\n<p><strong>MODIFICACI\u00d3N UNILATERAL Y DURACI\u00d3N<\/strong><\/p>\n\n\n\n<p>Egea Valera Abogados se reserva el derecho de modificar, en cualquier momento y sin necesidad de previo aviso, la presentaci\u00f3n y configuraci\u00f3n del sitio web, as\u00ed como el presente Aviso Legal.<\/p>\n\n\n\n<p><strong>EXCLUSI\u00d3N DE GARANT\u00cdAS Y RESPONSABILIDAD<\/strong><\/p>\n\n\n\n<p>Egea-Valera Abogados no otorga ninguna garant\u00eda ni se hace responsable, en ning\u00fan caso, de los da\u00f1os y perjuicios de cualquier naturaleza que pudieran acarrear a causa de:<\/p>\n\n\n\n<ul class=\"wp-block-list\">\n<li>La falta disponibilidad, mantenimiento y efectivo funcionamiento del Web y\/o de sus servicios o contenidos.<\/li>\n\n\n\n<li>La existencia de virus, programas maliciosos o lesivos en los contenidos.<\/li>\n\n\n\n<li>El uso il\u00edcito, negligente, fraudulento, contrario a las presentes condiciones, a la buena fe, a los usos generalmente aceptados o al orden p\u00fablico, del sitio Web, sus servicios o contenidos, por parte de los usuarios.<\/li>\n\n\n\n<li>Egea-Valera Abogados no tiene obligaci\u00f3n de controlar la utilizaci\u00f3n que los Usuarios hacen de la P\u00e1gina, de los Contenidos y de los Contenidos, aunque se reserva el derecho de hacerlo. En su caso se informar\u00e1 a los Usuarios de la utilizaci\u00f3n de \u201ccookies\u201d o de cualquier otro medio t\u00e9cnico que permita la \u201ctrazabilidad\u201d y seguimiento de la navegaci\u00f3n de los Usuarios por los diferentes Contenidos de la P\u00e1gina.<\/li>\n\n\n\n<li>Egea-Valera Abogados excluye toda responsabilidad por las decisiones que el Usuario pueda tomar basado en esta informaci\u00f3n, as\u00ed como por los posibles errores tipogr\u00e1ficos o inconsistencias t\u00e9cnicas que puedan contener los documentos y gr\u00e1ficos de la P\u00e1gina. La informaci\u00f3n est\u00e1 sometida a posibles cambios peri\u00f3dicos sin previo aviso de su contenido por ampliaci\u00f3n, mejora, correcci\u00f3n o actualizaci\u00f3n de los Contenidos.<\/li>\n\n\n\n<li>Egea-Valera Abogados excluye cualquier responsabilidad por los da\u00f1os y perjuicios de toda naturaleza que puedan deberse a la falta de veracidad, exactitud, fiabilidad, utilidad y\/o actualidad de los Contenidos puestos a disposici\u00f3n de los Usuarios, o los que \u00e9stos en el uso de este Portal puedan deparar a terceros, siendo el Usuario el \u00fanico responsable de los mismos en toda su extensi\u00f3n, declinando toda derivaci\u00f3n de responsabilidad de\u00a0Egea-Valera Abogados desde este momento.<\/li>\n\n\n\n<li>Egea-Valera Abogados excluye cualquier responsabilidad por los da\u00f1os y perjuicios de toda naturaleza que puedan deberse a la transmisi\u00f3n, difusi\u00f3n, almacenamiento, puesta a disposici\u00f3n, recepci\u00f3n, obtenci\u00f3n o acceso a los Contenidos, y en particular, aunque no de modo exclusivo, por los da\u00f1os y perjuicios que puedan deberse a:<\/li>\n\n\n\n<li>La falta de exactitud, pertinencia y\/o actualidad de los Contenidos.<\/li>\n\n\n\n<li>La inadecuaci\u00f3n para cualquier clase de prop\u00f3sito y el no cumplimiento de las expectativas generadas por los Contenidos.<\/li>\n\n\n\n<li>El incumplimiento, retraso en el cumplimiento, cumplimiento defectuoso o terminaci\u00f3n por cualquier causa de las obligaciones contra\u00eddas por terceros y contratos realizados con terceros a trav\u00e9s de o con motivo del acceso a los Contenidos.<\/li>\n\n\n\n<li>Las erratas, vicios y defectos de toda clase de los contenidos transmitidos, difundidos, almacenados, puestos a disposici\u00f3n o de otra forma transmitidos o puestos a disposici\u00f3n, recibidos, obtenidos o a los que se haya accedido a trav\u00e9s de la P\u00e1gina y de los Contenidos.<\/li>\n\n\n\n<li>Las interferencias, omisiones, interrupciones, virus inform\u00e1ticos, aver\u00edas telef\u00f3nicas o desconexiones en el funcionamiento operativo de este sistema electr\u00f3nico, motivadas por causas ajenas a\u00a0Egea-Valera Abogados.<\/li>\n\n\n\n<li>Los retrasos o bloqueos en el uso del presente sistema electr\u00f3nico causados por deficiencias o sobrecargas en Internet, l\u00edneas telef\u00f3nicas o en otros sistemas electr\u00f3nicos.<\/li>\n\n\n\n<li>Terceras personas en intromisiones ileg\u00edtimas fuera del control de\u00a0Egea-Valera Abogados.<\/li>\n<\/ul>\n\n\n\n<p><strong>TRATAMIENTO DE DATOS PERSONALES<\/strong><\/p>\n\n\n\n<p>Egea-Valera Abogados tal y como recoge en su \u201c<a href=\"https:\/\/egeavaleraabogados.es\/politica-de-privacidad\/\">POL\u00cdTICA DE PRIVACIDAD<\/a>\u201d que puede consultar en este sitio web, ha adoptado los niveles de seguridad adecuados a los datos que trata y gestiona, incorporando todos los medios y medidas t\u00e9cnicas a su alcance para garantizar su confidencialidad, evitar su mal uso, p\u00e9rdida, alteraci\u00f3n, acceso no autorizado y robo.<\/p>\n\n\n\n<p><strong>LEGISLACI\u00d3N APLICABLE Y JURISDICCI\u00d3N<\/strong><\/p>\n\n\n\n<p>Las presentes Condiciones se regir\u00e1n por la legislaci\u00f3n espa\u00f1ola, sometidas a los juzgados y tribunales de la ciudad de Cartagena (Espa\u00f1a) ante cualquier controversia derivada del acceso al sitio web.<\/p>\n\n\n\n<p><strong>CONTACTO<\/strong><\/p>\n\n\n\n<p>En caso de que cualquier usuario tuviese alguna duda acerca del presente aviso legal o cualquier comentario sobre el mismo puede dirigirse a\u00a0<a href=\"mailto:egeavaleraabogados@gmail.com\">egeavaleraabogados@gmail.com<\/a>. <\/p>","protected":false},"excerpt":{"rendered":"<p>AVISO LEGAL Lea todos los apartados del presente Aviso Legal antes de utilizar este sitio web. Las siguientes condiciones son vinculantes para cualquier usuario de este. La raz\u00f3n de este texto es explicarle de manera detallada las funcionalidades de esta web y aportarle aquella informaci\u00f3n relacionada con el titular de la web y la finalidad&#8230;<\/p>","protected":false},"author":1,"featured_media":0,"parent":0,"menu_order":0,"comment_status":"closed","ping_status":"closed","template":"","meta":{"footnotes":""},"class_list":["post-4252","page","type-page","status-publish","hentry","page--item"],"yoast_head":"<!-- This site is optimized with the Yoast SEO plugin v26.9 - https:\/\/yoast.com\/product\/yoast-seo-wordpress\/ -->\n<title>Aviso Legal - Egea &amp; Valera Abogados<\/title>\n<meta name=\"robots\" content=\"index, follow, max-snippet:-1, max-image-preview:large, max-video-preview:-1\" \/>\n<link rel=\"canonical\" href=\"https:\/\/egeavaleraabogados.es\/en\/aviso-legal\/\" \/>\n<meta property=\"og:locale\" content=\"en_GB\" \/>\n<meta property=\"og:type\" content=\"article\" \/>\n<meta property=\"og:title\" content=\"Aviso Legal - Egea &amp; Valera Abogados\" \/>\n<meta property=\"og:description\" content=\"AVISO LEGAL Lea todos los apartados del presente Aviso Legal antes de utilizar este sitio web. Las siguientes condiciones son vinculantes para cualquier usuario de este. La raz\u00f3n de este texto es explicarle de manera detallada las funcionalidades de esta web y aportarle aquella informaci\u00f3n relacionada con el titular de la web y la finalidad...\" \/>\n<meta property=\"og:url\" content=\"https:\/\/egeavaleraabogados.es\/en\/aviso-legal\/\" \/>\n<meta property=\"og:site_name\" content=\"Egea &amp; Valera Abogados\" \/>\n<meta property=\"article:modified_time\" content=\"2025-05-19T10:46:34+00:00\" \/>\n<meta name=\"twitter:card\" content=\"summary_large_image\" \/>\n<meta name=\"twitter:label1\" content=\"Estimated reading time\" \/>\n\t<meta name=\"twitter:data1\" content=\"8 minutes\" \/>\n<script type=\"application\/ld+json\" class=\"yoast-schema-graph\">{\"@context\":\"https:\/\/schema.org\",\"@graph\":[{\"@type\":\"WebPage\",\"@id\":\"https:\/\/egeavaleraabogados.es\/aviso-legal\/\",\"url\":\"https:\/\/egeavaleraabogados.es\/aviso-legal\/\",\"name\":\"Aviso Legal - Egea &amp; Valera Abogados\",\"isPartOf\":{\"@id\":\"https:\/\/egeavaleraabogados.es\/#website\"},\"datePublished\":\"2025-04-24T11:59:03+00:00\",\"dateModified\":\"2025-05-19T10:46:34+00:00\",\"breadcrumb\":{\"@id\":\"https:\/\/egeavaleraabogados.es\/aviso-legal\/#breadcrumb\"},\"inLanguage\":\"en-GB\",\"potentialAction\":[{\"@type\":\"ReadAction\",\"target\":[\"https:\/\/egeavaleraabogados.es\/aviso-legal\/\"]}]},{\"@type\":\"BreadcrumbList\",\"@id\":\"https:\/\/egeavaleraabogados.es\/aviso-legal\/#breadcrumb\",\"itemListElement\":[{\"@type\":\"ListItem\",\"position\":1,\"name\":\"Portada\",\"item\":\"https:\/\/egeavaleraabogados.es\/\"},{\"@type\":\"ListItem\",\"position\":2,\"name\":\"Aviso Legal\"}]},{\"@type\":\"WebSite\",\"@id\":\"https:\/\/egeavaleraabogados.es\/#website\",\"url\":\"https:\/\/egeavaleraabogados.es\/\",\"name\":\"Egea &amp; Valera Abogados\",\"description\":\"Servicio jur\u00eddico integral, cercano y de confianza\",\"potentialAction\":[{\"@type\":\"SearchAction\",\"target\":{\"@type\":\"EntryPoint\",\"urlTemplate\":\"https:\/\/egeavaleraabogados.es\/?s={search_term_string}\"},\"query-input\":{\"@type\":\"PropertyValueSpecification\",\"valueRequired\":true,\"valueName\":\"search_term_string\"}}],\"inLanguage\":\"en-GB\"}]}<\/script>\n<!-- \/ Yoast SEO plugin. -->","yoast_head_json":{"title":"Aviso Legal - Egea &amp; Valera Abogados","robots":{"index":"index","follow":"follow","max-snippet":"max-snippet:-1","max-image-preview":"max-image-preview:large","max-video-preview":"max-video-preview:-1"},"canonical":"https:\/\/egeavaleraabogados.es\/en\/aviso-legal\/","og_locale":"en_GB","og_type":"article","og_title":"Aviso Legal - Egea &amp; Valera Abogados","og_description":"AVISO LEGAL Lea todos los apartados del presente Aviso Legal antes de utilizar este sitio web. Las siguientes condiciones son vinculantes para cualquier usuario de este. La raz\u00f3n de este texto es explicarle de manera detallada las funcionalidades de esta web y aportarle aquella informaci\u00f3n relacionada con el titular de la web y la finalidad...","og_url":"https:\/\/egeavaleraabogados.es\/en\/aviso-legal\/","og_site_name":"Egea &amp; Valera Abogados","article_modified_time":"2025-05-19T10:46:34+00:00","twitter_card":"summary_large_image","twitter_misc":{"Estimated reading time":"8 minutes"},"schema":{"@context":"https:\/\/schema.org","@graph":[{"@type":"WebPage","@id":"https:\/\/egeavaleraabogados.es\/aviso-legal\/","url":"https:\/\/egeavaleraabogados.es\/aviso-legal\/","name":"Aviso Legal - Egea &amp; Valera Abogados","isPartOf":{"@id":"https:\/\/egeavaleraabogados.es\/#website"},"datePublished":"2025-04-24T11:59:03+00:00","dateModified":"2025-05-19T10:46:34+00:00","breadcrumb":{"@id":"https:\/\/egeavaleraabogados.es\/aviso-legal\/#breadcrumb"},"inLanguage":"en-GB","potentialAction":[{"@type":"ReadAction","target":["https:\/\/egeavaleraabogados.es\/aviso-legal\/"]}]},{"@type":"BreadcrumbList","@id":"https:\/\/egeavaleraabogados.es\/aviso-legal\/#breadcrumb","itemListElement":[{"@type":"ListItem","position":1,"name":"Portada","item":"https:\/\/egeavaleraabogados.es\/"},{"@type":"ListItem","position":2,"name":"Aviso Legal"}]},{"@type":"WebSite","@id":"https:\/\/egeavaleraabogados.es\/#website","url":"https:\/\/egeavaleraabogados.es\/","name":"Egea &amp; Valera Law firm","description":"Comprehensive, close and trustworthy legal service","potentialAction":[{"@type":"SearchAction","target":{"@type":"EntryPoint","urlTemplate":"https:\/\/egeavaleraabogados.es\/?s={search_term_string}"},"query-input":{"@type":"PropertyValueSpecification","valueRequired":true,"valueName":"search_term_string"}}],"inLanguage":"en-GB"}]}},"_links":{"self":[{"href":"https:\/\/egeavaleraabogados.es\/en\/wp-json\/wp\/v2\/pages\/4252","targetHints":{"allow":["GET"]}}],"collection":[{"href":"https:\/\/egeavaleraabogados.es\/en\/wp-json\/wp\/v2\/pages"}],"about":[{"href":"https:\/\/egeavaleraabogados.es\/en\/wp-json\/wp\/v2\/types\/page"}],"author":[{"embeddable":true,"href":"https:\/\/egeavaleraabogados.es\/en\/wp-json\/wp\/v2\/users\/1"}],"replies":[{"embeddable":true,"href":"https:\/\/egeavaleraabogados.es\/en\/wp-json\/wp\/v2\/comments?post=4252"}],"version-history":[{"count":2,"href":"https:\/\/egeavaleraabogados.es\/en\/wp-json\/wp\/v2\/pages\/4252\/revisions"}],"predecessor-version":[{"id":4400,"href":"https:\/\/egeavaleraabogados.es\/en\/wp-json\/wp\/v2\/pages\/4252\/revisions\/4400"}],"wp:attachment":[{"href":"https:\/\/egeavaleraabogados.es\/en\/wp-json\/wp\/v2\/media?parent=4252"}],"curies":[{"name":"wp","href":"https:\/\/api.w.org\/{rel}","templated":true}]}}