{"id":4254,"date":"2025-04-24T11:59:19","date_gmt":"2025-04-24T11:59:19","guid":{"rendered":"https:\/\/egeavaleraabogados.es\/?page_id=4254"},"modified":"2025-05-19T10:45:45","modified_gmt":"2025-05-19T10:45:45","slug":"politica-de-privacidad","status":"publish","type":"page","link":"https:\/\/egeavaleraabogados.es\/en\/politica-de-privacidad\/","title":{"rendered":"Privacy policy"},"content":{"rendered":"<p><strong>POL\u00cdTICA DE PRIVACIDAD<\/strong><\/p>\n\n\n\n<p><a><\/a><strong>\u00bfQUI\u00c9N ES EL RESPONSABLE DEL TRATAMIENTO DE SUS DATOS?<\/strong><\/p>\n\n\n\n<ul class=\"wp-block-list\">\n<li><strong>Responsable del tratamiento\u00a0<\/strong>de sus datos es: Carmelo Jes\u00fas Egea S\u00e1nchez<\/li>\n\n\n\n<li><strong>Colegiado 1629 en el Ilustre Colegio de Abogados de Cartagena.<\/strong><\/li>\n\n\n\n<li><strong>Correo electr\u00f3nico: <\/strong><a href=\"mailto:egeavaleraabogados@gmail.com\">egeavaleraabogados@gmail.com<\/a><\/li>\n<\/ul>\n\n\n\n<p><a><\/a><strong>\u00bfQU\u00c9 TIPO DE DATOS TRATAMOS?<\/strong><\/p>\n\n\n\n<p>Dependiendo de los productos, servicios o funcionalidades de los que quiera disfrutar en cada momento necesitaremos tratar unos datos u otros.&nbsp; En general dichos datos, ser\u00e1n, seg\u00fan el caso, los siguientes:<\/p>\n\n\n\n<ul class=\"wp-block-list\">\n<li>Sus datos identificativos (Por ejemplo: Su nombre, apellido, idioma, pa\u00eds desde el que interact\u00faas con nosotros, datos de contacto, etc.)<\/li>\n\n\n\n<li>Datos de conexi\u00f3n, geolocalizaci\u00f3n y navegaci\u00f3n (en caso de que interact\u00faes con nosotros desde el m\u00f3vil, por ejemplo).<\/li>\n\n\n\n<li>Informaci\u00f3n comercial si estuviera suscrito a nuestra newsletter.<\/li>\n\n\n\n<li>Datos sobre sus gustos y preferencias.<\/li>\n<\/ul>\n\n\n\n<p>Recuerda que, cuando le pidamos que rellene sus datos personales para darle acceso a alguna funcionalidad o servicio de la web, marcaremos algunos campos como obligatorios, puesto que son datos que necesitamos para poder prestarle el servicio o darle acceso a la funcionalidad en cuesti\u00f3n.<\/p>\n\n\n\n<p>Por favor, tenga en cuenta que, si decide no facilitarnos esos datos, es posible que no pueda completar su registro como usuario o que no pueda disfrutar de esos servicios o funcionalidades.<\/p>\n\n\n\n<p><a><\/a><strong>\u00bfCON QU\u00c9 FINALIDAD TRATAMOS SUS DATOS PERSONALES?<\/strong><\/p>\n\n\n\n<p>Dependiendo de c\u00f3mo interact\u00fae con nuestra web, trataremos sus datos personales para las siguientes finalidades:<\/p>\n\n\n\n<ol start=\"1\" class=\"wp-block-list\">\n<li><strong>Para atender las solicitudes o peticiones que realice a trav\u00e9s de los distintos medios incorporados a nuestra web.<\/strong><\/li>\n<\/ol>\n\n\n\n<p>S\u00f3lo tratamos los datos personales que sean estrictamente necesarios para gestionar o resolver su solicitud o petici\u00f3n.<\/p>\n\n\n\n<ol start=\"1\" class=\"wp-block-list\">\n<li><strong>Para fines de marketing.<\/strong><\/li>\n<\/ol>\n\n\n\n<p>En la medida en que se suscriba a nuestra Newsletter, sus datos personales ser\u00e1n utilizados para la remisi\u00f3n peri\u00f3dica de boletines informativos de la empresa.<\/p>\n\n\n\n<p>Debe recordar que puede darse de baja de la Newsletter en cualquier momento y sin coste alguno comunic\u00e1ndolo a <a href=\"mailto:egeavaleraabogados@gmail.com\">egeavaleraabogados@gmail.com<\/a> o en los enlaces proporcionados en cada comunicaci\u00f3n.<\/p>\n\n\n\n<ol start=\"3\" class=\"wp-block-list\">\n<li><strong>Para la gesti\u00f3n de redes sociales<\/strong><\/li>\n<\/ol>\n\n\n\n<p>En el caso de que nos siga o nos contacte a trav\u00e9s de las diferentes redes sociales en las que estamos presentes, trataremos los datos que usted nos proporcione a trav\u00e9s de las mismas. con la \u00fanica finalidad de dar respuesta a sus mensajes o comentarios y la gesti\u00f3n de nuestra lista de contactos.<\/p>\n\n\n\n<ol start=\"1\" class=\"wp-block-list\">\n<li><strong>An\u00e1lisis de usabilidad y de calidad para la mejora de nuestros servicios (Cookies)<\/strong><\/li>\n<\/ol>\n\n\n\n<p>Si accede a nuestra web, le informamos de que trataremos sus datos de navegaci\u00f3n para fines anal\u00edticos y estad\u00edsticos, es decir, para entender la forma en la que los usuarios interact\u00faan con nuestra Plataforma y as\u00ed ser capaces de introducir mejoras en la misma. As\u00ed mismo, en ocasiones, realizamos acciones y encuestas de calidad destinadas a conocer el grado de satisfacci\u00f3n de nuestros clientes y usuarios y detectar aquellas \u00e1reas en las que podemos mejorar.<\/p>\n\n\n\n<p><a><\/a><strong>\u00bfCU\u00c1L ES LA LEGITIMACI\u00d3N PARA EL TRATAMIENTO DE SUS DATOS?<\/strong><\/p>\n\n\n\n<p>La base legal que nos permite tratar sus datos personales tambi\u00e9n depende de la finalidad para la que los tratemos, de este modo encontraremos distintas bases legales en virtud de las siguientes finalidades:<\/p>\n\n\n\n<ol start=\"1\" class=\"wp-block-list\">\n<li><strong>\u00a0Atenci\u00f3n solicitudes de informaci\u00f3n.<\/strong><\/li>\n<\/ol>\n\n\n\n<p>La base legal para el tratamiento de sus datos es el consentimiento informado para dar respuesta a las consultas planteadas a trav\u00e9s de la p\u00e1gina web, lo que supone la aceptaci\u00f3n de estas condiciones por parte del interesado.&nbsp;&nbsp;&nbsp;&nbsp;&nbsp;<\/p>\n\n\n\n<ol start=\"1\" class=\"wp-block-list\">\n<li><strong>Marketing.<\/strong><\/li>\n<\/ol>\n\n\n\n<p>La base leg\u00edtima para tratar sus datos con finalidades de marketing es el consentimiento que usted presta, o en su caso el inter\u00e9s leg\u00edtimo en el contacto con nuestros clientes para ofertar servicios o productos relacionados con el servicio prestado o solicitado por el cliente.<\/p>\n\n\n\n<ol start=\"3\" class=\"wp-block-list\">\n<li><strong>Redes sociales<\/strong><\/li>\n<\/ol>\n\n\n\n<p>La base de legitimaci\u00f3n es el consentimiento informado para dar respuesta a las consultas planteadas a trav\u00e9s de la red social, as\u00ed como el momento en el que nos sigue y desea forma parte de nuestra lista de contactos.<\/p>\n\n\n\n<ol start=\"1\" class=\"wp-block-list\">\n<li><strong>An\u00e1lisis de usabilidad y de calidad (Cookies)<\/strong><\/li>\n<\/ol>\n\n\n\n<p>Consentimiento del usuario para la implantaci\u00f3n de cookies.<\/p>\n\n\n\n<p><a><\/a><strong>\u00bfDURANTE CU\u00c1NTO TIEMPO CONSERVAREMOS SUS DATOS?<\/strong><\/p>\n\n\n\n<ol start=\"1\" class=\"wp-block-list\">\n<li><strong>Solicitud de informaci\u00f3n.<\/strong><\/li>\n<\/ol>\n\n\n\n<p>Trataremos sus datos durante el tiempo que sea necesario para atender su solicitud o petici\u00f3n y posteriormente 1 a\u00f1o.<\/p>\n\n\n\n<ol start=\"1\" class=\"wp-block-list\">\n<li><strong>Marketing<\/strong><\/li>\n<\/ol>\n\n\n\n<p>Trataremos sus datos hasta que solicite la baja o cancele su suscripci\u00f3n a la newsletter.<\/p>\n\n\n\n<ol start=\"3\" class=\"wp-block-list\">\n<li><strong>Redes sociales<\/strong><\/li>\n<\/ol>\n\n\n\n<p>Trataremos sus datos durante el tiempo que sea necesario para atender su solicitud o petici\u00f3n y mientras sea seguidor de nuestro perfil.<\/p>\n\n\n\n<p><a><\/a><strong>\u00bfCOMPARTIREMOS SUS DATOS CON TERCEROS?<\/strong><\/p>\n\n\n\n<p>En determinados servicios sus datos podr\u00e1n ser cedidos a otras organizaciones para la efectiva prestaci\u00f3n de los mismos:<\/p>\n\n\n\n<ul class=\"wp-block-list\">\n<li>Bufete Cantador.<\/li>\n<\/ul>\n\n\n\n<p>Para cumplir las finalidades indicadas en la presente Pol\u00edtica de Privacidad, puede ser necesario que demos acceso a sus datos personales a terceras partes que nos presten apoyo en los servicios que le ofrecemos.<\/p>\n\n\n\n<p><a><\/a><strong>\u00bfCU\u00c1LES SON TUS DERECHOS CUANDO NOS FACILITA TUS DATOS?<\/strong><\/p>\n\n\n\n<p>Nos comprometemos a respetar la confidencialidad de sus datos personales y a garantizarle el ejercicio de sus derechos.<\/p>\n\n\n\n<p>Podr\u00e1 ejercitarlos sin coste alguno remiti\u00e9ndonos un correo electr\u00f3nico a nuestra direcci\u00f3n <a href=\"mailto:egeavaleraabogados@gmail.com\">egeavaleraabogados@gmail.com<\/a> simplemente indic\u00e1ndonos el motivo de su solicitud y el derecho que quiere ejercitar.<\/p>\n\n\n\n<p>En caso de que lo consideremos necesario para poder identificarle, podremos solicitarle informaci\u00f3n adicional y\/o copia de un documento acreditativo de su identidad. En particular, independientemente de la finalidad o la base legal en virtud de la que tratemos sus datos, usted tiene derecho a:<\/p>\n\n\n\n<ul class=\"wp-block-list\">\n<li>Pedirnos\u00a0<strong>acceso<\/strong>\u00a0a los datos suyos de los que disponemos.<\/li>\n\n\n\n<li>Pedirnos que\u00a0<strong>rectifiquemos<\/strong>\u00a0los datos de los que ya disponemos. Tenga en cuenta que, al facilitarnos activamente sus datos personales por cualquier v\u00eda, garantiza que son ciertos y exactos y se comprometes a notificarnos cualquier cambio o modificaci\u00f3n de los mismos.<\/li>\n\n\n\n<li>Pedirnos que\u00a0<strong>suprimamos<\/strong>\u00a0sus datos en la medida en que ya no sean necesarios para la finalidad para los que necesitemos tratarlos seg\u00fan te hemos informado con anterioridad, o en que ya no contemos con legitimaci\u00f3n para hacerlo.<\/li>\n\n\n\n<li>Pedirnos que\u00a0<strong>limitemos<\/strong>\u00a0el tratamiento de sus datos, lo que supone que en determinados casos pueda solicitarnos que suspendamos temporalmente el tratamiento de los datos o que los conservemos m\u00e1s all\u00e1 del tiempo necesario cuando puedas necesitarlo. Si nos ha proporcionado su consentimiento para el tratamiento de sus datos para cualquier finalidad, tambi\u00e9n tiene derecho a retirarlo en cualquier momento.<\/li>\n\n\n\n<li>Por otra parte, cuando el tratamiento de sus datos est\u00e9 basado en nuestro inter\u00e9s leg\u00edtimo, tambi\u00e9n tendr\u00e1s derecho a\u00a0<strong>oponerte<\/strong>\u00a0al tratamiento de sus datos.<\/li>\n\n\n\n<li>Por \u00faltimo, le informamos de su derecho a\u00a0<strong>presentar una reclamaci\u00f3n<\/strong>\u00a0ante la autoridad de control en materia de protecci\u00f3n de datos pertinente, en particular, ante la Agencia Espa\u00f1ola de Protecci\u00f3n de Datos\u00a0<a href=\"https:\/\/www.aepd.es\/\">https:\/\/www.aepd.es<\/a><\/li>\n<\/ul>\n\n\n\n<p><a><\/a><strong>CAMBIOS A LA POL\u00cdTICA DE PRIVACIDAD.<\/strong><\/p>\n\n\n\n<p>&nbsp;Es posible que modifiquemos la informaci\u00f3n contenida en esta Pol\u00edtica de Privacidad cuando lo estimemos conveniente. En caso de que lo hagamos, se lo notificaremos por distintas v\u00edas a trav\u00e9s de la web, o incluso se lo comunicaremos a tu direcci\u00f3n de correo electr\u00f3nico cuando el cambio en cuesti\u00f3n sea significativo para con su privacidad, de manera que pueda revisar los cambios, valorarlos y, en su caso, oponerse o darse de baja en alg\u00fan servicio o funcionalidad.<\/p>\n\n\n\n<p><a><\/a><strong>INFORMACI\u00d3N SOBRE COOKIES<\/strong><\/p>\n\n\n\n<p>Utilizamos cookies y dispositivos similares para facilitar su navegaci\u00f3n en la Plataforma, conocer c\u00f3mo interact\u00faas con nosotros y, en determinados casos, poder mostrarte publicidad en funci\u00f3n de tus h\u00e1bitos de navegaci\u00f3n. Por favor, lee nuestra\u00a0<strong><a href=\"https:\/\/egeavaleraabogados.es\/politica-de-cookies\/\">Cookie policy<\/a><\/strong>\u00a0para conocer con mayor detalle las cookies y dispositivos similares que usamos, su finalidad y otra informaci\u00f3n de inter\u00e9s.<\/p>","protected":false},"excerpt":{"rendered":"<p>POL\u00cdTICA DE PRIVACIDAD \u00bfQUI\u00c9N ES EL RESPONSABLE DEL TRATAMIENTO DE SUS DATOS? \u00bfQU\u00c9 TIPO DE DATOS TRATAMOS? Dependiendo de los productos, servicios o funcionalidades de los que quiera disfrutar en cada momento necesitaremos tratar unos datos u otros.&nbsp; En general dichos datos, ser\u00e1n, seg\u00fan el caso, los siguientes: Recuerda que, cuando le pidamos que rellene&#8230;<\/p>","protected":false},"author":1,"featured_media":0,"parent":0,"menu_order":0,"comment_status":"closed","ping_status":"closed","template":"","meta":{"footnotes":""},"class_list":["post-4254","page","type-page","status-publish","hentry","page--item"],"yoast_head":"<!-- This site is optimized with the Yoast SEO plugin v26.9 - https:\/\/yoast.com\/product\/yoast-seo-wordpress\/ -->\n<title>Pol\u00edtica de Privacidad - Egea &amp; Valera Abogados<\/title>\n<meta name=\"robots\" content=\"index, follow, max-snippet:-1, max-image-preview:large, max-video-preview:-1\" \/>\n<link rel=\"canonical\" href=\"https:\/\/egeavaleraabogados.es\/en\/politica-de-privacidad\/\" \/>\n<meta property=\"og:locale\" content=\"en_GB\" \/>\n<meta property=\"og:type\" content=\"article\" \/>\n<meta property=\"og:title\" content=\"Pol\u00edtica de Privacidad - Egea &amp; Valera Abogados\" \/>\n<meta property=\"og:description\" content=\"POL\u00cdTICA DE PRIVACIDAD \u00bfQUI\u00c9N ES EL RESPONSABLE DEL TRATAMIENTO DE SUS DATOS? \u00bfQU\u00c9 TIPO DE DATOS TRATAMOS? Dependiendo de los productos, servicios o funcionalidades de los que quiera disfrutar en cada momento necesitaremos tratar unos datos u otros.&nbsp; En general dichos datos, ser\u00e1n, seg\u00fan el caso, los siguientes: Recuerda que, cuando le pidamos que rellene...\" \/>\n<meta property=\"og:url\" content=\"https:\/\/egeavaleraabogados.es\/en\/politica-de-privacidad\/\" \/>\n<meta property=\"og:site_name\" content=\"Egea &amp; Valera Abogados\" \/>\n<meta property=\"article:modified_time\" content=\"2025-05-19T10:45:45+00:00\" \/>\n<meta name=\"twitter:card\" content=\"summary_large_image\" \/>\n<meta name=\"twitter:label1\" content=\"Estimated reading time\" \/>\n\t<meta name=\"twitter:data1\" content=\"6 minutes\" \/>\n<script type=\"application\/ld+json\" class=\"yoast-schema-graph\">{\"@context\":\"https:\/\/schema.org\",\"@graph\":[{\"@type\":\"WebPage\",\"@id\":\"https:\/\/egeavaleraabogados.es\/politica-de-privacidad\/\",\"url\":\"https:\/\/egeavaleraabogados.es\/politica-de-privacidad\/\",\"name\":\"Pol\u00edtica de Privacidad - Egea &amp; Valera Abogados\",\"isPartOf\":{\"@id\":\"https:\/\/egeavaleraabogados.es\/#website\"},\"datePublished\":\"2025-04-24T11:59:19+00:00\",\"dateModified\":\"2025-05-19T10:45:45+00:00\",\"breadcrumb\":{\"@id\":\"https:\/\/egeavaleraabogados.es\/politica-de-privacidad\/#breadcrumb\"},\"inLanguage\":\"en-GB\",\"potentialAction\":[{\"@type\":\"ReadAction\",\"target\":[\"https:\/\/egeavaleraabogados.es\/politica-de-privacidad\/\"]}]},{\"@type\":\"BreadcrumbList\",\"@id\":\"https:\/\/egeavaleraabogados.es\/politica-de-privacidad\/#breadcrumb\",\"itemListElement\":[{\"@type\":\"ListItem\",\"position\":1,\"name\":\"Portada\",\"item\":\"https:\/\/egeavaleraabogados.es\/\"},{\"@type\":\"ListItem\",\"position\":2,\"name\":\"Pol\u00edtica de Privacidad\"}]},{\"@type\":\"WebSite\",\"@id\":\"https:\/\/egeavaleraabogados.es\/#website\",\"url\":\"https:\/\/egeavaleraabogados.es\/\",\"name\":\"Egea &amp; Valera Abogados\",\"description\":\"Servicio jur\u00eddico integral, cercano y de confianza\",\"potentialAction\":[{\"@type\":\"SearchAction\",\"target\":{\"@type\":\"EntryPoint\",\"urlTemplate\":\"https:\/\/egeavaleraabogados.es\/?s={search_term_string}\"},\"query-input\":{\"@type\":\"PropertyValueSpecification\",\"valueRequired\":true,\"valueName\":\"search_term_string\"}}],\"inLanguage\":\"en-GB\"}]}<\/script>\n<!-- \/ Yoast SEO plugin. -->","yoast_head_json":{"title":"Pol\u00edtica de Privacidad - Egea &amp; Valera Abogados","robots":{"index":"index","follow":"follow","max-snippet":"max-snippet:-1","max-image-preview":"max-image-preview:large","max-video-preview":"max-video-preview:-1"},"canonical":"https:\/\/egeavaleraabogados.es\/en\/politica-de-privacidad\/","og_locale":"en_GB","og_type":"article","og_title":"Pol\u00edtica de Privacidad - Egea &amp; Valera Abogados","og_description":"POL\u00cdTICA DE PRIVACIDAD \u00bfQUI\u00c9N ES EL RESPONSABLE DEL TRATAMIENTO DE SUS DATOS? \u00bfQU\u00c9 TIPO DE DATOS TRATAMOS? Dependiendo de los productos, servicios o funcionalidades de los que quiera disfrutar en cada momento necesitaremos tratar unos datos u otros.&nbsp; En general dichos datos, ser\u00e1n, seg\u00fan el caso, los siguientes: Recuerda que, cuando le pidamos que rellene...","og_url":"https:\/\/egeavaleraabogados.es\/en\/politica-de-privacidad\/","og_site_name":"Egea &amp; Valera Abogados","article_modified_time":"2025-05-19T10:45:45+00:00","twitter_card":"summary_large_image","twitter_misc":{"Estimated reading time":"6 minutes"},"schema":{"@context":"https:\/\/schema.org","@graph":[{"@type":"WebPage","@id":"https:\/\/egeavaleraabogados.es\/politica-de-privacidad\/","url":"https:\/\/egeavaleraabogados.es\/politica-de-privacidad\/","name":"Pol\u00edtica de Privacidad - Egea &amp; Valera Abogados","isPartOf":{"@id":"https:\/\/egeavaleraabogados.es\/#website"},"datePublished":"2025-04-24T11:59:19+00:00","dateModified":"2025-05-19T10:45:45+00:00","breadcrumb":{"@id":"https:\/\/egeavaleraabogados.es\/politica-de-privacidad\/#breadcrumb"},"inLanguage":"en-GB","potentialAction":[{"@type":"ReadAction","target":["https:\/\/egeavaleraabogados.es\/politica-de-privacidad\/"]}]},{"@type":"BreadcrumbList","@id":"https:\/\/egeavaleraabogados.es\/politica-de-privacidad\/#breadcrumb","itemListElement":[{"@type":"ListItem","position":1,"name":"Portada","item":"https:\/\/egeavaleraabogados.es\/"},{"@type":"ListItem","position":2,"name":"Pol\u00edtica de Privacidad"}]},{"@type":"WebSite","@id":"https:\/\/egeavaleraabogados.es\/#website","url":"https:\/\/egeavaleraabogados.es\/","name":"Egea &amp; Valera Law firm","description":"Comprehensive, close and trustworthy legal service","potentialAction":[{"@type":"SearchAction","target":{"@type":"EntryPoint","urlTemplate":"https:\/\/egeavaleraabogados.es\/?s={search_term_string}"},"query-input":{"@type":"PropertyValueSpecification","valueRequired":true,"valueName":"search_term_string"}}],"inLanguage":"en-GB"}]}},"_links":{"self":[{"href":"https:\/\/egeavaleraabogados.es\/en\/wp-json\/wp\/v2\/pages\/4254","targetHints":{"allow":["GET"]}}],"collection":[{"href":"https:\/\/egeavaleraabogados.es\/en\/wp-json\/wp\/v2\/pages"}],"about":[{"href":"https:\/\/egeavaleraabogados.es\/en\/wp-json\/wp\/v2\/types\/page"}],"author":[{"embeddable":true,"href":"https:\/\/egeavaleraabogados.es\/en\/wp-json\/wp\/v2\/users\/1"}],"replies":[{"embeddable":true,"href":"https:\/\/egeavaleraabogados.es\/en\/wp-json\/wp\/v2\/comments?post=4254"}],"version-history":[{"count":2,"href":"https:\/\/egeavaleraabogados.es\/en\/wp-json\/wp\/v2\/pages\/4254\/revisions"}],"predecessor-version":[{"id":4399,"href":"https:\/\/egeavaleraabogados.es\/en\/wp-json\/wp\/v2\/pages\/4254\/revisions\/4399"}],"wp:attachment":[{"href":"https:\/\/egeavaleraabogados.es\/en\/wp-json\/wp\/v2\/media?parent=4254"}],"curies":[{"name":"wp","href":"https:\/\/api.w.org\/{rel}","templated":true}]}}