{"id":53,"date":"2024-12-17T05:24:23","date_gmt":"2024-12-17T05:24:23","guid":{"rendered":"https:\/\/wordpress.themeholy.com\/ensaf\/?page_id=53"},"modified":"2025-10-15T09:01:43","modified_gmt":"2025-10-15T09:01:43","slug":"servicios","status":"publish","type":"page","link":"https:\/\/egeavaleraabogados.es\/en\/servicios\/","title":{"rendered":"Services"},"content":{"rendered":"<div data-elementor-type=\"wp-page\" data-elementor-id=\"53\" class=\"elementor elementor-53\">\n\t\t\t\t<div class=\"elementor-element elementor-element-626167b e-flex e-con-boxed e-con e-parent\" data-id=\"626167b\" data-element_type=\"container\" data-e-type=\"container\">\n\t\t\t\t\t<div class=\"e-con-inner\">\n\t\t\r\n\t\t<div class=\"elementor-element elementor-element-ebab2db elementor-widget elementor-widget-ensafsectiontitle\" data-id=\"ebab2db\" data-element_type=\"widget\" data-e-type=\"widget\" data-widget_type=\"ensafsectiontitle.default\">\n\t\t\t\t<div class=\"elementor-widget-container\">\n\t\t\t\t\t\t\t<div class=\"title-area text-center\">\r\n\t\t\t<span class=\"sub-title\">Our specialties<\/span><h2 class=\"sec-title\">Services<\/h2>\t\t<\/div>\r\n\r\n\t\t\t\t\t<\/div>\n\t\t\t\t<\/div>\n\t\t\t\t<div class=\"elementor-element elementor-element-ae07724 elementor-widget elementor-widget-ensafservice\" data-id=\"ae07724\" data-element_type=\"widget\" data-e-type=\"widget\" data-widget_type=\"ensafservice.default\">\n\t\t\t\t<div class=\"elementor-widget-container\">\n\t\t\t\t\t<div class=\"service-wrapper\"><div class=\"row gy-30 justify-content-center text-center\"><div class=\"col-xl-4 col-lg-6\"><div class=\"service-card style-6 z-index-2\"><div class=\"box-icon\"><img decoding=\"async\" src=\"https:\/\/egeavaleraabogados.es\/wp-content\/uploads\/2025\/04\/Adminsitrativo-trans.png\" alt=\"Adminsitrativo trans\"  \/><\/div><div class=\"box-content\"><h3 class=\"box-title\"><a href=\"#\">Administrative<\/a><\/h3><\/div><\/div><\/div><div class=\"col-xl-4 col-lg-6\"><div class=\"service-card style-6 z-index-2\"><div class=\"box-icon\"><img decoding=\"async\" src=\"https:\/\/egeavaleraabogados.es\/wp-content\/uploads\/2025\/04\/Asesoramiento-trans-legal.png\" alt=\"Asesoramiento trans legal\"  \/><\/div><div class=\"box-content\"><h3 class=\"box-title\"><a href=\"#\">Legal counseling<\/a><\/h3><\/div><\/div><\/div><div class=\"col-xl-4 col-lg-6\"><div class=\"service-card style-6 z-index-2\"><div class=\"box-icon\"><img decoding=\"async\" src=\"https:\/\/egeavaleraabogados.es\/wp-content\/uploads\/2025\/04\/Derecho-tecnologico-trans.png\" alt=\"Derecho tecnologico trans\"  \/><\/div><div class=\"box-content\"><h3 class=\"box-title\"><a href=\"#\">Technology law<\/a><\/h3><\/div><\/div><\/div><div class=\"col-xl-4 col-lg-6\"><div class=\"service-card style-6 z-index-2\"><div class=\"box-icon\"><img decoding=\"async\" src=\"https:\/\/egeavaleraabogados.es\/wp-content\/uploads\/2025\/04\/Derecho-civil-trans.png\" alt=\"Derecho civil trans\"  \/><\/div><div class=\"box-content\"><h3 class=\"box-title\"><a href=\"#\">Civil law<\/a><\/h3><\/div><\/div><\/div><div class=\"col-xl-4 col-lg-6\"><div class=\"service-card style-6 z-index-2\"><div class=\"box-icon\"><img decoding=\"async\" src=\"https:\/\/egeavaleraabogados.es\/wp-content\/uploads\/2025\/04\/Extranjeria-trans.png\" alt=\"Extranjeria trans\"  \/><\/div><div class=\"box-content\"><h3 class=\"box-title\"><a href=\"#\">Immigration<\/a><\/h3><\/div><\/div><\/div><div class=\"col-xl-4 col-lg-6\"><div class=\"service-card style-6 z-index-2\"><div class=\"box-icon\"><img decoding=\"async\" src=\"https:\/\/egeavaleraabogados.es\/wp-content\/uploads\/2025\/04\/Trafico-trans.png\" alt=\"Trafico trans\"  \/><\/div><div class=\"box-content\"><h3 class=\"box-title\"><a href=\"#\">Traffic law<\/a><\/h3><\/div><\/div><\/div><div class=\"col-xl-4 col-lg-6\"><div class=\"service-card style-6 z-index-2\"><div class=\"box-icon\"><img decoding=\"async\" src=\"https:\/\/egeavaleraabogados.es\/wp-content\/uploads\/2025\/04\/Derecho-de-Familia-trans.png\" alt=\"Derecho de Familia trans\"  \/><\/div><div class=\"box-content\"><h3 class=\"box-title\"><a href=\"#\">Family law<\/a><\/h3><\/div><\/div><\/div><div class=\"col-xl-4 col-lg-6\"><div class=\"service-card style-6 z-index-2\"><div class=\"box-icon\"><img decoding=\"async\" src=\"https:\/\/egeavaleraabogados.es\/wp-content\/uploads\/2025\/04\/Contratos-trans.png\" alt=\"Contratos trans\"  \/><\/div><div class=\"box-content\"><h3 class=\"box-title\"><a href=\"#\">Contracts<\/a><\/h3><\/div><\/div><\/div><div class=\"col-xl-4 col-lg-6\"><div class=\"service-card style-6 z-index-2\"><div class=\"box-icon\"><img decoding=\"async\" src=\"https:\/\/egeavaleraabogados.es\/wp-content\/uploads\/2025\/04\/Derecho-Laboral-trans.png\" alt=\"Derecho Laboral trans\"  \/><\/div><div class=\"box-content\"><h3 class=\"box-title\"><a href=\"#\">Workplace law<\/a><\/h3><\/div><\/div><\/div><div class=\"col-xl-4 col-lg-6\"><div class=\"service-card style-6 z-index-2\"><div class=\"box-icon\"><img decoding=\"async\" src=\"https:\/\/egeavaleraabogados.es\/wp-content\/uploads\/2025\/04\/Empresas-trans.png\" alt=\"Empresas trans\"  \/><\/div><div class=\"box-content\"><h3 class=\"box-title\"><a href=\"#\">Services to businesses<\/a><\/h3><\/div><\/div><\/div><div class=\"col-xl-4 col-lg-6\"><div class=\"service-card style-6 z-index-2\"><div class=\"box-icon\"><img decoding=\"async\" src=\"https:\/\/egeavaleraabogados.es\/wp-content\/uploads\/2025\/04\/Derecho-Penal-trans.png\" alt=\"Derecho Penal trans\"  \/><\/div><div class=\"box-content\"><h3 class=\"box-title\"><a href=\"#\">Criminal law<\/a><\/h3><\/div><\/div><\/div><div class=\"col-xl-4 col-lg-6\"><div class=\"service-card style-6 z-index-2\"><div class=\"box-icon\"><img decoding=\"async\" src=\"https:\/\/egeavaleraabogados.es\/wp-content\/uploads\/2025\/04\/Mediacion-trans.png\" alt=\"Mediacion trans\"  \/><\/div><div class=\"box-content\"><h3 class=\"box-title\"><a href=\"#\">Mediation service<\/a><\/h3><\/div><\/div><\/div><\/div><\/div>\t\t\t\t<\/div>\n\t\t\t\t<\/div>\n\t\t\t\t\t<\/div>\n\t\t\t\t<\/div>\n\t\t<div class=\"elementor-element elementor-element-3436883 e-flex e-con-boxed e-con e-parent\" data-id=\"3436883\" data-element_type=\"container\" data-e-type=\"container\">\n\t\t\t\t\t<div class=\"e-con-inner\">\n\t\t\t\t<div class=\"elementor-element elementor-element-95949d9 elementor-widget elementor-widget-ensafcontactform\" data-id=\"95949d9\" data-element_type=\"widget\" data-e-type=\"widget\" data-widget_type=\"ensafcontactform.default\">\n\t\t\t\t<div class=\"elementor-widget-container\">\n\t\t\t\t\t<div class=\"contact-from-1-wrap\"><div class=\"row gx-60 gy-40\"><div class=\"col-xl-6\"><div class=\"contact-form\"><div class=\"title-area mb-35\"><span class=\"sub-title justify-content-center sub\">Got a query?<\/span><h4 class=\"sec-title title\">Get in touch<\/h4><\/div><div class=\"quote-form ajax-contact\">\n<div class=\"wpcf7 no-js\" id=\"wpcf7-f7-o1\" lang=\"es-ES\" dir=\"ltr\" data-wpcf7-id=\"7\">\n<div class=\"screen-reader-response\"><p role=\"status\" aria-live=\"polite\" aria-atomic=\"true\"><\/p> <ul><\/ul><\/div>\n<form action=\"\/en\/wp-json\/wp\/v2\/pages\/53#wpcf7-f7-o1\" method=\"post\" class=\"wpcf7-form init\" aria-label=\"Formulario de contacto\" novalidate=\"novalidate\" data-status=\"init\" data-trp-original-action=\"\/en\/wp-json\/wp\/v2\/pages\/53#wpcf7-f7-o1\">\n<fieldset class=\"hidden-fields-container\"><input type=\"hidden\" name=\"_wpcf7\" value=\"7\" \/><input type=\"hidden\" name=\"_wpcf7_version\" value=\"6.1.4\" \/><input type=\"hidden\" name=\"_wpcf7_locale\" value=\"es_ES\" \/><input type=\"hidden\" name=\"_wpcf7_unit_tag\" value=\"wpcf7-f7-o1\" \/><input type=\"hidden\" name=\"_wpcf7_container_post\" value=\"0\" \/><input type=\"hidden\" name=\"_wpcf7_posted_data_hash\" value=\"\" \/>\n<\/fieldset>\n<label> Name\n    <span class=\"wpcf7-form-control-wrap\" data-name=\"tu-nombre\"><input size=\"40\" maxlength=\"400\" class=\"wpcf7-form-control wpcf7-text wpcf7-validates-as-required\" autocomplete=\"name\" aria-required=\"true\" aria-invalid=\"false\" value=\"\" type=\"text\" name=\"tu-nombre\" \/><\/span> <\/label>\n\n<label> Email\n    <span class=\"wpcf7-form-control-wrap\" data-name=\"tu-email\"><input size=\"40\" maxlength=\"400\" class=\"wpcf7-form-control wpcf7-email wpcf7-validates-as-required wpcf7-text wpcf7-validates-as-email\" autocomplete=\"email\" aria-required=\"true\" aria-invalid=\"false\" value=\"\" type=\"email\" name=\"tu-email\" \/><\/span> <\/label>\n\n<label> About\n    <span class=\"wpcf7-form-control-wrap\" data-name=\"asunto\"><input size=\"40\" maxlength=\"400\" class=\"wpcf7-form-control wpcf7-text wpcf7-validates-as-required\" aria-required=\"true\" aria-invalid=\"false\" value=\"\" type=\"text\" name=\"asunto\" \/><\/span> <\/label>\n\n<label> Message\n    <span class=\"wpcf7-form-control-wrap\" data-name=\"tu-mensaje\"><textarea cols=\"40\" rows=\"10\" maxlength=\"2000\" class=\"wpcf7-form-control wpcf7-textarea wpcf7-validates-as-required\" aria-required=\"true\" aria-invalid=\"false\" name=\"tu-mensaje\"><\/textarea><\/span> <\/label>\n\n<input class=\"wpcf7-form-control wpcf7-submit has-spinner\" type=\"submit\" value=\"Send\" \/><div class=\"wpcf7-response-output\" aria-hidden=\"true\"><\/div>\n<input type=\"hidden\" name=\"trp-form-language\" value=\"en\"\/><\/form>\n<\/div>\n<\/div><\/div><\/div><div class=\"col-xl-6 shape-mockup-wrap\"><div class=\"contact-icon-box-wrap\"><div class=\"info-box\"><div class=\"info-box_icon\"><i class=\"fa-regular fa-location-dot\"><\/i><\/div><div class=\"info-contnt\"><h4 class=\"footer-info-title\">Location<\/h4><p class=\"info-box_text\">C\/ SAN LEADRO, N\u00ba8, ESC. IZQ. 2\u00baB, 30205-CARTAGENA<\/p><\/div><\/div><div class=\"info-box\"><div class=\"info-box_icon\"><i class=\"fa-regular fa-envelope\"><\/i><\/div><div class=\"info-contnt\"><h4 class=\"footer-info-title\">Email<\/h4><p class=\"info-box_text\"><a href=\"mailto:carmelojegea@gmail.com\" class=\"info-box_link\">carmelojegea@gmail.com<\/a><\/p><\/div><\/div><\/div><\/div><\/div><\/div>\t\t\t\t<\/div>\n\t\t\t\t<\/div>\n\t\t\t\t<div class=\"elementor-element elementor-element-9e98b67 elementor-widget elementor-widget-ensafshapeimage\" data-id=\"9e98b67\" data-element_type=\"widget\" data-e-type=\"widget\" data-widget_type=\"ensafshapeimage.default\">\n\t\t\t\t<div class=\"elementor-widget-container\">\n\t\t\t\t\t<!-- Image --><div class=\"shape-mockup jump d-xl-block d-none\" data-top=\"15%\" data-right=\"3%\"><img decoding=\"async\" class=\"\" src=\"https:\/\/egeavaleraabogados.es\/wp-content\/uploads\/2024\/12\/contact-1-top.png\" alt=\"Shape Image\" ><\/div><!-- End Image -->\t\t\t\t<\/div>\n\t\t\t\t<\/div>\n\t\t\t\t<div class=\"elementor-element elementor-element-8fbebb0 elementor-widget elementor-widget-ensafshapeimage\" data-id=\"8fbebb0\" data-element_type=\"widget\" data-e-type=\"widget\" data-widget_type=\"ensafshapeimage.default\">\n\t\t\t\t<div class=\"elementor-widget-container\">\n\t\t\t\t\t<!-- Image --><div class=\"shape-mockup jump-reverse\" data-bottom=\"20%\" data-left=\"3%\"><img decoding=\"async\" class=\"\" src=\"https:\/\/egeavaleraabogados.es\/wp-content\/uploads\/2024\/12\/about1-right-top.png\" alt=\"Shape Image\" ><\/div><!-- End Image -->\t\t\t\t<\/div>\n\t\t\t\t<\/div>\n\t\t\t\t\t<\/div>\n\t\t\t\t<\/div>\n\t\t\t\t<\/div>","protected":false},"excerpt":{"rendered":"<p>Nuestras especialidades Servicios Administrativo Asesoramiento legal Derecho tecnol\u00f3gico Derecho civil Extranjer\u00eda Tr\u00e1fico Derecho de familia Contratos Derecho laboral Servicios a empresas Derecho penal Servicio de mediaci\u00f3n \u00bfTienes una consulta? Ponte en contacto con nosotros Tu nombre Tu email Asunto Tu mensaje Localizaci\u00f3n C\/ SAN LEADRO, N\u00ba8, ESC. IZQ. 2\u00baB, 30205-CARTAGENA Email carmelojegea@gmail.com<\/p>","protected":false},"author":1,"featured_media":0,"parent":0,"menu_order":0,"comment_status":"closed","ping_status":"closed","template":"template-builder.php","meta":{"footnotes":""},"class_list":["post-53","page","type-page","status-publish","hentry"],"yoast_head":"<!-- This site is optimized with the Yoast SEO plugin v26.9 - https:\/\/yoast.com\/product\/yoast-seo-wordpress\/ -->\n<title>Servicios - Egea &amp; Valera Abogados<\/title>\n<meta name=\"robots\" content=\"index, follow, max-snippet:-1, max-image-preview:large, max-video-preview:-1\" \/>\n<link rel=\"canonical\" href=\"https:\/\/egeavaleraabogados.es\/en\/servicios\/\" \/>\n<meta property=\"og:locale\" content=\"en_GB\" \/>\n<meta property=\"og:type\" content=\"article\" \/>\n<meta property=\"og:title\" content=\"Servicios - Egea &amp; Valera Abogados\" \/>\n<meta property=\"og:description\" content=\"Nuestras especialidades Servicios Administrativo Asesoramiento legal Derecho tecnol\u00f3gico Derecho civil Extranjer\u00eda Tr\u00e1fico Derecho de familia Contratos Derecho laboral Servicios a empresas Derecho penal Servicio de mediaci\u00f3n \u00bfTienes una consulta? Ponte en contacto con nosotros Tu nombre Tu email Asunto Tu mensaje Localizaci\u00f3n C\/ SAN LEADRO, N\u00ba8, ESC. IZQ. 2\u00baB, 30205-CARTAGENA Email carmelojegea@gmail.com\" \/>\n<meta property=\"og:url\" content=\"https:\/\/egeavaleraabogados.es\/en\/servicios\/\" \/>\n<meta property=\"og:site_name\" content=\"Egea &amp; Valera Abogados\" \/>\n<meta property=\"article:modified_time\" content=\"2025-10-15T09:01:43+00:00\" \/>\n<meta property=\"og:image\" content=\"https:\/\/egeavaleraabogados.es\/wp-content\/uploads\/2025\/04\/Adminsitrativo-trans.png\" \/>\n<meta name=\"twitter:card\" content=\"summary_large_image\" \/>\n<meta name=\"twitter:label1\" content=\"Estimated reading time\" \/>\n\t<meta name=\"twitter:data1\" content=\"4 minutes\" \/>\n<script type=\"application\/ld+json\" class=\"yoast-schema-graph\">{\"@context\":\"https:\/\/schema.org\",\"@graph\":[{\"@type\":\"WebPage\",\"@id\":\"https:\/\/egeavaleraabogados.es\/servicios\/\",\"url\":\"https:\/\/egeavaleraabogados.es\/servicios\/\",\"name\":\"Servicios - Egea &amp; Valera Abogados\",\"isPartOf\":{\"@id\":\"https:\/\/egeavaleraabogados.es\/#website\"},\"primaryImageOfPage\":{\"@id\":\"https:\/\/egeavaleraabogados.es\/servicios\/#primaryimage\"},\"image\":{\"@id\":\"https:\/\/egeavaleraabogados.es\/servicios\/#primaryimage\"},\"thumbnailUrl\":\"https:\/\/egeavaleraabogados.es\/wp-content\/uploads\/2025\/04\/Adminsitrativo-trans.png\",\"datePublished\":\"2024-12-17T05:24:23+00:00\",\"dateModified\":\"2025-10-15T09:01:43+00:00\",\"breadcrumb\":{\"@id\":\"https:\/\/egeavaleraabogados.es\/servicios\/#breadcrumb\"},\"inLanguage\":\"en-GB\",\"potentialAction\":[{\"@type\":\"ReadAction\",\"target\":[\"https:\/\/egeavaleraabogados.es\/servicios\/\"]}]},{\"@type\":\"ImageObject\",\"inLanguage\":\"en-GB\",\"@id\":\"https:\/\/egeavaleraabogados.es\/servicios\/#primaryimage\",\"url\":\"https:\/\/egeavaleraabogados.es\/wp-content\/uploads\/2025\/04\/Adminsitrativo-trans.png\",\"contentUrl\":\"https:\/\/egeavaleraabogados.es\/wp-content\/uploads\/2025\/04\/Adminsitrativo-trans.png\"},{\"@type\":\"BreadcrumbList\",\"@id\":\"https:\/\/egeavaleraabogados.es\/servicios\/#breadcrumb\",\"itemListElement\":[{\"@type\":\"ListItem\",\"position\":1,\"name\":\"Portada\",\"item\":\"https:\/\/egeavaleraabogados.es\/\"},{\"@type\":\"ListItem\",\"position\":2,\"name\":\"Servicios\"}]},{\"@type\":\"WebSite\",\"@id\":\"https:\/\/egeavaleraabogados.es\/#website\",\"url\":\"https:\/\/egeavaleraabogados.es\/\",\"name\":\"Egea &amp; Valera Abogados\",\"description\":\"Servicio jur\u00eddico integral, cercano y de confianza\",\"potentialAction\":[{\"@type\":\"SearchAction\",\"target\":{\"@type\":\"EntryPoint\",\"urlTemplate\":\"https:\/\/egeavaleraabogados.es\/?s={search_term_string}\"},\"query-input\":{\"@type\":\"PropertyValueSpecification\",\"valueRequired\":true,\"valueName\":\"search_term_string\"}}],\"inLanguage\":\"en-GB\"}]}<\/script>\n<!-- \/ Yoast SEO plugin. -->","yoast_head_json":{"title":"Servicios - Egea &amp; Valera Abogados","robots":{"index":"index","follow":"follow","max-snippet":"max-snippet:-1","max-image-preview":"max-image-preview:large","max-video-preview":"max-video-preview:-1"},"canonical":"https:\/\/egeavaleraabogados.es\/en\/servicios\/","og_locale":"en_GB","og_type":"article","og_title":"Servicios - Egea &amp; Valera Abogados","og_description":"Nuestras especialidades Servicios Administrativo Asesoramiento legal Derecho tecnol\u00f3gico Derecho civil Extranjer\u00eda Tr\u00e1fico Derecho de familia Contratos Derecho laboral Servicios a empresas Derecho penal Servicio de mediaci\u00f3n \u00bfTienes una consulta? Ponte en contacto con nosotros Tu nombre Tu email Asunto Tu mensaje Localizaci\u00f3n C\/ SAN LEADRO, N\u00ba8, ESC. IZQ. 2\u00baB, 30205-CARTAGENA Email carmelojegea@gmail.com","og_url":"https:\/\/egeavaleraabogados.es\/en\/servicios\/","og_site_name":"Egea &amp; Valera Abogados","article_modified_time":"2025-10-15T09:01:43+00:00","og_image":[{"url":"https:\/\/egeavaleraabogados.es\/wp-content\/uploads\/2025\/04\/Adminsitrativo-trans.png","type":"","width":"","height":""}],"twitter_card":"summary_large_image","twitter_misc":{"Estimated reading time":"4 minutes"},"schema":{"@context":"https:\/\/schema.org","@graph":[{"@type":"WebPage","@id":"https:\/\/egeavaleraabogados.es\/servicios\/","url":"https:\/\/egeavaleraabogados.es\/servicios\/","name":"Servicios - Egea &amp; Valera Abogados","isPartOf":{"@id":"https:\/\/egeavaleraabogados.es\/#website"},"primaryImageOfPage":{"@id":"https:\/\/egeavaleraabogados.es\/servicios\/#primaryimage"},"image":{"@id":"https:\/\/egeavaleraabogados.es\/servicios\/#primaryimage"},"thumbnailUrl":"https:\/\/egeavaleraabogados.es\/wp-content\/uploads\/2025\/04\/Adminsitrativo-trans.png","datePublished":"2024-12-17T05:24:23+00:00","dateModified":"2025-10-15T09:01:43+00:00","breadcrumb":{"@id":"https:\/\/egeavaleraabogados.es\/servicios\/#breadcrumb"},"inLanguage":"en-GB","potentialAction":[{"@type":"ReadAction","target":["https:\/\/egeavaleraabogados.es\/servicios\/"]}]},{"@type":"ImageObject","inLanguage":"en-GB","@id":"https:\/\/egeavaleraabogados.es\/servicios\/#primaryimage","url":"https:\/\/egeavaleraabogados.es\/wp-content\/uploads\/2025\/04\/Adminsitrativo-trans.png","contentUrl":"https:\/\/egeavaleraabogados.es\/wp-content\/uploads\/2025\/04\/Adminsitrativo-trans.png"},{"@type":"BreadcrumbList","@id":"https:\/\/egeavaleraabogados.es\/servicios\/#breadcrumb","itemListElement":[{"@type":"ListItem","position":1,"name":"Portada","item":"https:\/\/egeavaleraabogados.es\/"},{"@type":"ListItem","position":2,"name":"Servicios"}]},{"@type":"WebSite","@id":"https:\/\/egeavaleraabogados.es\/#website","url":"https:\/\/egeavaleraabogados.es\/","name":"Egea &amp; Valera Law firm","description":"Comprehensive, close and trustworthy legal service","potentialAction":[{"@type":"SearchAction","target":{"@type":"EntryPoint","urlTemplate":"https:\/\/egeavaleraabogados.es\/?s={search_term_string}"},"query-input":{"@type":"PropertyValueSpecification","valueRequired":true,"valueName":"search_term_string"}}],"inLanguage":"en-GB"}]}},"_links":{"self":[{"href":"https:\/\/egeavaleraabogados.es\/en\/wp-json\/wp\/v2\/pages\/53","targetHints":{"allow":["GET"]}}],"collection":[{"href":"https:\/\/egeavaleraabogados.es\/en\/wp-json\/wp\/v2\/pages"}],"about":[{"href":"https:\/\/egeavaleraabogados.es\/en\/wp-json\/wp\/v2\/types\/page"}],"author":[{"embeddable":true,"href":"https:\/\/egeavaleraabogados.es\/en\/wp-json\/wp\/v2\/users\/1"}],"replies":[{"embeddable":true,"href":"https:\/\/egeavaleraabogados.es\/en\/wp-json\/wp\/v2\/comments?post=53"}],"version-history":[{"count":12,"href":"https:\/\/egeavaleraabogados.es\/en\/wp-json\/wp\/v2\/pages\/53\/revisions"}],"predecessor-version":[{"id":4420,"href":"https:\/\/egeavaleraabogados.es\/en\/wp-json\/wp\/v2\/pages\/53\/revisions\/4420"}],"wp:attachment":[{"href":"https:\/\/egeavaleraabogados.es\/en\/wp-json\/wp\/v2\/media?parent=53"}],"curies":[{"name":"wp","href":"https:\/\/api.w.org\/{rel}","templated":true}]}}